{"id":885,"date":"2023-10-06T09:59:35","date_gmt":"2023-10-06T07:59:35","guid":{"rendered":"https:\/\/calperubi.es\/?page_id=885"},"modified":"2025-09-15T10:01:01","modified_gmt":"2025-09-15T08:01:01","slug":"inicio-nueva","status":"publish","type":"page","link":"https:\/\/calperubi.es\/ca\/","title":{"rendered":"Allotjament en Ager"},"content":{"rendered":"<section class=\"bde-section-885-101 bde-section\">\n  \n  \n\t\n\n\n\n<div class=\"section-container\"><div class=\"bde-columns-885-136 bde-columns\"><div class=\"bde-column-885-137 bde-column\">\n  \n  \n\t\n\n\n\n<h1 class=\"bde-heading-885-142 bde-heading\">\n\u00a1Emb\u00e1rcate en un viaje sensorial <br>a la maravillosa Italia con nosotros!<br><br>\n<\/h1><div class=\"bde-text-885-143 bde-text\">\n<b>Descubre Nuestros Sabores<br><\/b>En Cal Perub\u00ed, te invitamos a probar aut\u00e9nticas delicias italianas: pizzas, pastas, ensaladas, embutidos, bruschette, postres... Cada plato es elaborado con ingredientes italianos de calidad que importamos semanalmente para tu disfrute. Si est\u00e1s buscando un lugar donde comer en \u00c0ger, nuestra pizzer\u00eda es la opci\u00f3n perfecta para una experiencia gastron\u00f3mica inolvidable.<br><br><b>El Secreto de Nuestra Excelencia<br><\/b>Nuestro secreto mejor guardado es nuestra pasi\u00f3n por la cocina y nuestra masa secreta. Cada bocado est\u00e1 impregnado de amor por la comida italiana, y nuestra masa es el lienzo sobre el cual creamos obras maestras culinarias.  Como restaurante en \u00c0ger, nos enorgullece ofrecerte una aut\u00e9ntica experiencia italiana en cada plato.\n<\/div><h1 class=\"bde-heading-885-145 bde-heading\">\n\u00a1Ven y saborea la aut\u00e9ntica Italia en Cal Perub\u00ed!<br>\n<\/h1><div class=\"bde-columns-885-146 bde-columns\"><div class=\"bde-column-885-147 bde-column\">\n  \n  \n\t\n\n\n\n<div class=\"bde-image-885-151 bde-image\">\n<figure class=\"breakdance-image breakdance-image--892\">\n\t<div class=\"breakdance-image-container\">\n\t\t<div class=\"breakdance-image-clip\"><img loading=\"lazy\" decoding=\"async\" class=\"breakdance-image-object\" src=\"https:\/\/calperubi.es\/wp-content\/uploads\/2023\/10\/icones-02-50-50.png\" width=\"50\" height=\"50\"><\/div>\n\t<\/div><\/figure>\n\n<\/div><div class=\"bde-text-885-152 bde-text\">\nRestaurante <br>Italiano Aut\u00e9ntico\n<\/div>\n<\/div><div class=\"bde-column-885-148 bde-column\">\n  \n  \n\t\n\n\n\n<div class=\"bde-image-885-153 bde-image\">\n<figure class=\"breakdance-image breakdance-image--903\">\n\t<div class=\"breakdance-image-container\">\n\t\t<div class=\"breakdance-image-clip\"><img loading=\"lazy\" decoding=\"async\" class=\"breakdance-image-object\" src=\"https:\/\/calperubi.es\/wp-content\/uploads\/2023\/10\/icones-06-50-50.png\" width=\"50\" height=\"50\"><\/div>\n\t<\/div><\/figure>\n\n<\/div><div class=\"bde-text-885-154 bde-text\">\nProductos<br>sin gl\u00faten\n<\/div>\n<\/div><div class=\"bde-column-885-149 bde-column\">\n  \n  \n\t\n\n\n\n<div class=\"bde-image-885-155 bde-image\">\n<figure class=\"breakdance-image breakdance-image--905\">\n\t<div class=\"breakdance-image-container\">\n\t\t<div class=\"breakdance-image-clip\"><img loading=\"lazy\" decoding=\"async\" class=\"breakdance-image-object\" src=\"https:\/\/calperubi.es\/wp-content\/uploads\/2023\/10\/icones-07-50-50.png\" width=\"50\" height=\"50\"><\/div>\n\t<\/div><\/figure>\n\n<\/div><div class=\"bde-text-885-156 bde-text\">\nComida<br>para llevar\n<\/div>\n<\/div><div class=\"bde-column-885-150 bde-column\">\n  \n  \n\t\n\n\n\n<div class=\"bde-image-885-157 bde-image\">\n<figure class=\"breakdance-image breakdance-image--907\">\n\t<div class=\"breakdance-image-container\">\n\t\t<div class=\"breakdance-image-clip\"><img loading=\"lazy\" decoding=\"async\" class=\"breakdance-image-object\" src=\"https:\/\/calperubi.es\/wp-content\/uploads\/2023\/10\/icones-08-50-50.png\" width=\"50\" height=\"50\"><\/div>\n\t<\/div><\/figure>\n\n<\/div><div class=\"bde-text-885-158 bde-text\">\nGran variedad<br>de postres italianos\n<\/div>\n<\/div><\/div>\n<\/div><div class=\"bde-column-885-138 bde-column\">\n  \n  \n\t\n\n\n\n<h1 class=\"bde-heading-885-141 bde-heading\">\n<span>Pizza al taglio<\/span><br>cal perub\u00ed\n<\/h1><div class=\"bde-button-885-161 bde-button\">\n    \n                        \n                        \n    \n    \n    \n    \n            \n                    \n            \n            \n\n    \n    \n    \n    \n    \n    <a class=\"breakdance-link button-atom button-atom--custom bde-button__button\" href=\"https:\/\/calperubi.es\/ca\/pizzeria\/\" target=\"_self\" data-type=\"url\"  >\n\n    \n        <span class=\"button-atom__text\">CONSULTAR CARTA<\/span>\n\n        \n        \n                <\/a>\n\n    \n\n\n<\/div>\n<\/div><div class=\"bde-column-885-139 bde-column\">\n  \n  \n\t\n\n\n\n<div class=\"bde-image-885-140 bde-image\">\n<figure class=\"breakdance-image breakdance-image--13\">\n\t<div class=\"breakdance-image-container\">\n\t\t<div class=\"breakdance-image-clip\"><img loading=\"lazy\" decoding=\"async\" class=\"breakdance-image-object\" src=\"https:\/\/calperubi.es\/wp-content\/uploads\/2023\/04\/img_pizzeria-291x300.png\" width=\"291\" height=\"300\" srcset=\"https:\/\/calperubi.es\/wp-content\/uploads\/2023\/04\/img_pizzeria-291x300.png 291w, https:\/\/calperubi.es\/wp-content\/uploads\/2023\/04\/img_pizzeria.png 384w\" sizes=\"auto, (max-width: 291px) 100vw, 291px\" alt=\"Restaurante pizzer\u00eda en \u00c0ger. Si buscas d\u00f3nde comer en \u00c0ger, aqu\u00ed encontrar\u00e1s el lugar ideal para disfrutar de aut\u00e9ntica cocina italiana.\"><\/div>\n\t<\/div><\/figure>\n\n<\/div>\n<\/div><\/div><\/div>\n<\/section><section class=\"bde-section-885-100 bde-section apartaments\">\n  \n  \n\t\n\n\n\n<div class=\"section-container\"><div class=\"bde-columns-885-105 bde-columns\"><div class=\"bde-column-885-106 bde-column\">\n  \n  \n\t\n\n\n\n<div class=\"bde-image-885-109 bde-image\">\n<figure class=\"breakdance-image breakdance-image--14\">\n\t<div class=\"breakdance-image-container\">\n\t\t<div class=\"breakdance-image-clip\"><img loading=\"lazy\" decoding=\"async\" class=\"breakdance-image-object\" src=\"https:\/\/calperubi.es\/wp-content\/uploads\/2023\/10\/img_apartamentos-400-400.png\" width=\"400\" height=\"342\" alt=\"Si buscas d\u00f3nde dormir en \u00c0ger, te ofrecemos el mejor alojamiento rural. Este es el lugar perfecto para disfrutar de la regi\u00f3n y de actividades como kayak, parapente y ala delta.\"><\/div>\n\t<\/div><\/figure>\n\n<\/div>\n<\/div><div class=\"bde-column-885-107 bde-column\">\n  \n  \n\t\n\n\n\n<h1 class=\"bde-heading-885-112 bde-heading\">\n<span>Apartaments<\/span><br>cal perub\u00ed\n<\/h1><div class=\"bde-button-885-160 bde-button\">\n    \n                        \n                        \n    \n    \n    \n    \n            \n                    \n            \n            \n\n    \n    \n    \n    \n    \n    <a class=\"breakdance-link button-atom button-atom--custom bde-button__button\" href=\"https:\/\/calperubi.es\/ca\/apartamentos\/\" target=\"_self\" data-type=\"url\"  >\n\n    \n        <span class=\"button-atom__text\">SABER M\u00c1S<\/span>\n\n        \n        \n                <\/a>\n\n    \n\n\n<\/div>\n<\/div><div class=\"bde-column-885-108 bde-column\">\n  \n  \n\t\n\n\n\n<h1 class=\"bde-heading-885-121 bde-heading\">\n\u00a1Bienvenidos a Apartamentos Cal Perub\u00ed en Vall d'\u00c0ger!<br>\n<\/h1><div class=\"bde-text-885-122 bde-text\">\n<b>Nuestros Apartamentos en \u00c0ger<br><\/b>Dos apartamentos completamente equipados te esperan en la hist\u00f3rica finca de Cal Perub\u00ed, ofreci\u00e9ndote comodidad y encanto en un entorno tranquilo. Si buscas donde dormir en \u00c0ger, nuestros apartamentos son la opci\u00f3n ideal para tu alojamiento.<br><br><b>Explora Vall d'\u00c0ger<br><\/b>En la Vall d'\u00c0ger, la naturaleza y la aventura te esperan. Podr\u00e1s realizar actividades como\u00a0kayac, parapente y ala delta, aqu\u00ed encontrar\u00e1s actividades para todos los gustos.\n<\/div><h1 class=\"bde-heading-885-144 bde-heading\">\n\u00a1Reserva tu estancia hoy mismo y d\u00e9jate llevar <br>por la magia de la Vall d'\u00c0ger desde Apartamentos Cal Perub\u00ed!\n<\/h1><div class=\"bde-columns-885-123 bde-columns\"><div class=\"bde-column-885-124 bde-column tesy\">\n  \n  \n\t\n\n\n\n<div class=\"bde-image-885-128 bde-image\">\n<figure class=\"breakdance-image breakdance-image--892\">\n\t<div class=\"breakdance-image-container\">\n\t\t<div class=\"breakdance-image-clip\"><img loading=\"lazy\" decoding=\"async\" class=\"breakdance-image-object\" src=\"https:\/\/calperubi.es\/wp-content\/uploads\/2023\/10\/icones-02-50-50.png\" width=\"50\" height=\"50\"><\/div>\n\t<\/div><\/figure>\n\n<\/div><div class=\"bde-text-885-132 bde-text\">\nAsesoramiento<br>tur\u00edstico\n<\/div>\n<\/div><div class=\"bde-column-885-125 bde-column\">\n  \n  \n\t\n\n\n\n<div class=\"bde-image-885-129 bde-image\">\n<figure class=\"breakdance-image breakdance-image--893\">\n\t<div class=\"breakdance-image-container\">\n\t\t<div class=\"breakdance-image-clip\"><img loading=\"lazy\" decoding=\"async\" class=\"breakdance-image-object\" src=\"https:\/\/calperubi.es\/wp-content\/uploads\/2023\/10\/icones-03-50-50.png\" width=\"50\" height=\"50\"><\/div>\n\t<\/div><\/figure>\n\n<\/div><div class=\"bde-text-885-133 bde-text\">\nWi-Fi de<br>alta velocidad\n<\/div>\n<\/div><div class=\"bde-column-885-126 bde-column\">\n  \n  \n\t\n\n\n\n<div class=\"bde-image-885-130 bde-image\">\n<figure class=\"breakdance-image breakdance-image--894\">\n\t<div class=\"breakdance-image-container\">\n\t\t<div class=\"breakdance-image-clip\"><img loading=\"lazy\" decoding=\"async\" class=\"breakdance-image-object\" src=\"https:\/\/calperubi.es\/wp-content\/uploads\/2023\/10\/icones-04-50-50.png\" width=\"50\" height=\"50\"><\/div>\n\t<\/div><\/figure>\n\n<\/div><div class=\"bde-text-885-134 bde-text\">\nAparcamiento<br>gratuito a 100m\n<\/div>\n<\/div><div class=\"bde-column-885-127 bde-column\">\n  \n  \n\t\n\n\n\n<div class=\"bde-image-885-131 bde-image\">\n<figure class=\"breakdance-image breakdance-image--895\">\n\t<div class=\"breakdance-image-container\">\n\t\t<div class=\"breakdance-image-clip\"><img loading=\"lazy\" decoding=\"async\" class=\"breakdance-image-object\" src=\"https:\/\/calperubi.es\/wp-content\/uploads\/2023\/10\/icones-05-50-50.png\" width=\"50\" height=\"50\"><\/div>\n\t<\/div><\/figure>\n\n<\/div><div class=\"bde-text-885-135 bde-text\">\nCalle <br>peatonal\n<\/div>\n<\/div><\/div>\n<\/div><\/div><\/div>\n<\/section>","protected":false},"excerpt":{"rendered":"<p>\u00a1Emb\u00e1rcate en un viaje sensorial a la maravillosa Italia con nosotros! Descubre Nuestros SaboresEn Cal Perub\u00ed, te invitamos a probar aut\u00e9nticas delicias italianas: pizzas, pastas, ensaladas, embutidos, bruschette, postres&#8230; Cada plato es elaborado con ingredientes italianos de calidad que importamos semanalmente para tu disfrute. Si est\u00e1s buscando un lugar donde comer en \u00c0ger, nuestra pizzer\u00eda [&hellip;]<\/p>\n","protected":false},"author":2,"featured_media":0,"parent":0,"menu_order":0,"comment_status":"closed","ping_status":"closed","template":"","meta":{"_acf_changed":false,"_breakdance_hide_in_design_set":false,"_breakdance_tags":"","footnotes":""},"class_list":["post-885","page","type-page","status-publish","hentry"],"acf":[],"_links":{"self":[{"href":"https:\/\/calperubi.es\/ca\/wp-json\/wp\/v2\/pages\/885","targetHints":{"allow":["GET"]}}],"collection":[{"href":"https:\/\/calperubi.es\/ca\/wp-json\/wp\/v2\/pages"}],"about":[{"href":"https:\/\/calperubi.es\/ca\/wp-json\/wp\/v2\/types\/page"}],"author":[{"embeddable":true,"href":"https:\/\/calperubi.es\/ca\/wp-json\/wp\/v2\/users\/2"}],"replies":[{"embeddable":true,"href":"https:\/\/calperubi.es\/ca\/wp-json\/wp\/v2\/comments?post=885"}],"version-history":[{"count":46,"href":"https:\/\/calperubi.es\/ca\/wp-json\/wp\/v2\/pages\/885\/revisions"}],"predecessor-version":[{"id":1421,"href":"https:\/\/calperubi.es\/ca\/wp-json\/wp\/v2\/pages\/885\/revisions\/1421"}],"wp:attachment":[{"href":"https:\/\/calperubi.es\/ca\/wp-json\/wp\/v2\/media?parent=885"}],"curies":[{"name":"wp","href":"https:\/\/api.w.org\/{rel}","templated":true}]}}