{"id":759,"date":"2023-07-07T10:45:01","date_gmt":"2023-07-07T08:45:01","guid":{"rendered":"https:\/\/calperubi.es\/?page_id=759"},"modified":"2024-10-29T09:02:56","modified_gmt":"2024-10-29T08:02:56","slug":"politica-de-privacidad","status":"publish","type":"page","link":"https:\/\/calperubi.es\/ca\/politica-de-privacidad\/","title":{"rendered":"Pol\u00edtica de privacidad"},"content":{"rendered":"<section class=\"bde-section-759-100 bde-section\">\n  \n  \n\t\n\n\n\n<div class=\"section-container\"><h1 class=\"bde-heading-759-101 bde-heading\">\nPol\u00edtica de privacidad\n<\/h1><\/div>\n<\/section><section class=\"bde-section-759-102 bde-section\">\n  \n  \n\t\n\n\n\n<div class=\"section-container\"><div class=\"bde-rich-text-759-103 bde-rich-text breakdance-rich-text-styles\">\n<h2>Responsable \u2013 \u00bfqui\u00e9n es el responsable del tratamiento de los datos?<\/h2><ul><li><p><strong>Identidad: <\/strong>Jaume Arquillo Martin<\/p><\/li><li><p><strong>Domicilio social:<\/strong> C\/ soldevila, 15, Ager 25691 Lleida<\/p><\/li><li><p><strong>NIF: <\/strong>52275705V<\/p><\/li><li><p><strong>Tel\u00e9fono:<\/strong> 605460099<\/p><\/li><li><p><strong>Correo Electr\u00f3nico: <\/strong><a href=\"mailto:calperubiager@calperubi.es\">calperubiager@calperubi.es<\/a><\/p><\/li><li><p><strong>Contacto:<\/strong> Jaume Arquillo Martin<\/p><\/li><li><p><strong>Nombre del dominio:<\/strong> <a href=\"https:\/\/calperubi.es\/ca\/\">https:\/\/calperubi.es\/<\/a><\/p><\/li><\/ul><h2>Finalidades \u2013 \u00bfcon qu\u00e9 finalidades tratamos tus datos?<\/h2><p>En cumplimiento de lo dispuesto en el Reglamento Europeo 2016\/679 General de Protecci\u00f3n de Datos, te informamos de que trataremos los datos que nos facilitas para:<\/p><ul><li><p>Gestionar la contrataci\u00f3n de servicios que realice a trav\u00e9s de la Plataforma, as\u00ed como la facturaci\u00f3n y entrega correspondiente.<\/p><\/li><li><p>Remitir peri\u00f3dicamente comunicaciones sobre servicios, eventos y noticias relacionadas con las actividades desarrolladas por , por cualquier medio (tel\u00e9fono, correo postal o email), salvo que se indique lo contrario o el usuario se oponga o revoque su consentimiento.<\/p><\/li><li><p>Remitir informaci\u00f3n comercial y \/ o promocional relacionada con el sector de servicios contratados y valor a\u00f1adido para usuarios finales, salvo que se indique lo contrario o el usuario se oponga o revoque su consentimiento.<\/p><\/li><li><p>Dar cumplimiento a las obligaciones legalmente establecidas, as\u00ed como verificar el cumplimiento de las obligaciones contractuales, inclu\u00eda la prevenci\u00f3n de fraude.<\/p><\/li><li><p>Cesi\u00f3n de datos a organismos y autoridades, siempre y cuando sean requeridos de conformidad con las disposiciones legales y reglamentarias.<\/p><\/li><\/ul><h2>Categor\u00edas de datos \u2013 \u00bfQu\u00e9 datos tratamos?<\/h2><p>Derivada de las finalidades antes mencionadas, en gestionamos las siguientes categor\u00edas de datos:<\/p><ul><li><p>Datos identificativos<\/p><\/li><li><p>Metadatos de comunicaciones electr\u00f3nicas<\/p><\/li><li><p>Datos de informaci\u00f3n comercial. En caso de que el usuario facilite datos de terceros, manifiesta contar con el consentimiento de estos y se compromete a trasladarle la informaci\u00f3n contenida en esta cl\u00e1usula, eximiendo a de cualquier responsabilidad en este sentido.<\/p><\/li><li><p>No obstante, podr\u00e1 llevar a cabo las verificaciones para constatar este hecho, adoptando las medidas de diligencia debida que correspondan, conforme a la normativa de protecci\u00f3n de datos.<\/p><\/li><\/ul><h2>Legitimaci\u00f3n \u2013 \u00bfcu\u00e1l es la legitimaci\u00f3n para el tratamiento de tus datos?<\/h2><p>El tratamiento de datos cuyo fin es el env\u00edo de boletines peri\u00f3dicos (newslettering) sobre servicios, eventos y noticias relacionadas con nuestra actividad profesional se basa en el consentimiento del interesado, solicitado expresamente para llevar a cabo dichos tratamientos, de acuerdo con la normativa vigente.<\/p><p>Adem\u00e1s, la legitimaci\u00f3n para el tratamiento de los datos relacionados con ofertas o colaboraciones se basan en el consentimiento del usuario que remite sus datos, que puede retirar en cualquier momento, si bien ello puede afectar a la posible comunicaci\u00f3n de forma fluida y obstrucci\u00f3n de procesos que desea realizar.<\/p><p>Por \u00faltimo, los datos se podr\u00e1n utilizar para dar cumplimiento a las obligaciones legales aplicables a<\/p><h2>Plazo de Conservaci\u00f3n de los Datos \u2013 \u00bfPor cu\u00e1nto tiempo conservaremos tus datos?<\/h2><p>conservar\u00e1 los datos personales de los usuarios \u00fanicamente durante el tiempo necesario para la realizaci\u00f3n de las finalidades para las que fueron recogidos, mientras no revoque los consentimientos otorgados. Posteriormente, en caso de ser necesario, mantendr\u00e1 la informaci\u00f3n bloqueada durante los plazos legalmente establecidos.<\/p><h2>Destinatarios \u00bfA qu\u00e9 destinatarios se comunicar\u00e1n tus datos?<\/h2><p>Tus datos podr\u00e1n ser accedidos por aquellos proveedores que prestan servicios a , tales como servicios de alojamiento, herramientas de marketing y sistemas de contenido u otros profesionales, cuando dicha comunicaci\u00f3n sea necesaria normativamente, o para la ejecuci\u00f3n de los servicios contratados.<\/p><p>, ha suscrito los correspondientes contratos de encargo de tratamiento con cada uno de los proveedores que prestan servicios a , con el objetivo de garantizar que dichos proveedores tratar\u00e1n tus datos de conformidad con lo establecido en la legislaci\u00f3n vigente.<\/p><p>Tambi\u00e9n podr\u00e1n ser cedidos a las Fuerzas y Cuerpos de Seguridad del Estado en los casos que exista una obligaci\u00f3n legal.<\/p><p>Bancos y entidades financieras, para el cobro de los servicios.<\/p><p>Administraciones p\u00fablicas con competencia en los sectores de actividad, cuando as\u00ed lo establezca la normativa vigente.<\/p><h2>Seguridad de la Informaci\u00f3n \u2013 \u00bfQu\u00e9 medidas de seguridad implantamos para cuidar sus datos?<\/h2><p>Para proteger las diferentes tipolog\u00edas de datos reflejados en esta pol\u00edtica de privacidad llevar\u00e1 a cabo las medidas de seguridad t\u00e9cnicas necesarias para evitar su p\u00e9rdida, manipulaci\u00f3n, difusi\u00f3n o alteraci\u00f3n.<\/p><ul><li><p>Encriptaci\u00f3n de las comunicaciones entre el dispositivo del usuario y los servidores de<\/p><\/li><li><p>Encriptaci\u00f3n de la informaci\u00f3n en los propios servidores de<\/p><\/li><li><p>Otras medidas que eviten el acceso a los datos del usuario por parte de terceros.<\/p><\/li><li><p>En aquellos casos en los que cuente con prestadores de servicio para el mantenimiento de la plataforma que se encuentren fuera de la Uni\u00f3n Europea, estas trasferencias internacionales se hayan regularizadas atendiendo al compromiso de con la protecci\u00f3n, integridad y seguridad de los datos personales de los usuarios.<\/p><\/li><\/ul><h2>Derechos \u2013 \u00bfCu\u00e1les son tus derechos cuando nos facilitas tus datos y c\u00f3mo puedes ejercerlos?<\/h2><p>Tienes derecho a obtener confirmaci\u00f3n sobre si en estamos tratando datos personales que te conciernan, o no.<\/p><p>Asimismo, tienes derecho a acceder a tus datos personales, as\u00ed como a solicitar la rectificaci\u00f3n de los datos inexactos o, en su caso, solicitar su supresi\u00f3n cuando, entre otros motivos, los datos ya no sean necesarios para los fines que fueron recogidos.<\/p><p>En determinadas circunstancias, podr\u00e1s solicitar la limitaci\u00f3n del tratamiento de tus datos, en cuyo caso \u00fanicamente los conservaremos para el ejercicio o la defensa de reclamaciones.<\/p><p>En determinadas circunstancias y por motivos relacionados con tu situaci\u00f3n particular, podr\u00e1s oponerte al tratamiento de tus datos. dejar\u00e1 de tratar los datos, salvo por motivos leg\u00edtimos imperiosos, o el ejercicio o la defensa de posibles reclamaciones.<\/p><p>Asimismo, puedes ejercer el derecho a la portabilidad de los datos, as\u00ed como retirar los consentimientos facilitados en cualquier momento, sin que ello afecte a la licitud del tratamiento basado en el consentimiento previo a su retirada.<\/p><p>Si deseas hacer uso de cualquiera de tus derechos puede dirigirse a <a href=\"mailto:calperubiager@calperubi.es\">calperubiager@calperubi.es<\/a>.<\/p><p>Por \u00faltimo, te informamos que puedes dirigirte ante la Agencia Espa\u00f1ola de Protecci\u00f3n de Datos y dem\u00e1s organismos p\u00fablicos competentes para cualquier reclamaci\u00f3n derivada del tratamiento de tus datos personales.<\/p><h2>Modificaci\u00f3n de la pol\u00edtica de privacidad<\/h2><p>podr\u00e1 modificar la presente Pol\u00edtica de Privacidad en cualquier momento, siendo publicadas las sucesivas versiones en el Sitio Web. En cualquier caso, comunicar\u00e1 con previo aviso las modificaciones de la presente pol\u00edtica que afecten a los usuarios a fin de que puedan aceptar las mismas.<\/p><p>La presente Pol\u00edtica de Privacidad se encuentra actualizada a fecha 27\/12\/2018 (Espa\u00f1a). Reservados todos los derechos.<\/p><p>Si lo deseas tambi\u00e9n puedes consultar nuestra <a target=\"_self\" href=\"https:\/\/calperubi.es\/ca\/politica-de-cookies\/\">Pol\u00edtica de Cookies<\/a><\/p>\n<\/div><\/div>\n<\/section>","protected":false},"excerpt":{"rendered":"<p>Pol\u00edtica de privacidad Responsable \u2013 \u00bfqui\u00e9n es el responsable del tratamiento de los datos?Identidad: Jaume Arquillo MartinDomicilio social: C\/ soldevila, 15, Ager 25691 LleidaNIF: 52275705VTel\u00e9fono: 605460099Correo Electr\u00f3nico: calperubiager@calperubi.esContacto: Jaume Arquillo MartinNombre del dominio: https:\/\/calperubi.es\/Finalidades \u2013 \u00bfcon qu\u00e9 finalidades tratamos tus datos?En cumplimiento de lo dispuesto en el Reglamento Europeo 2016\/679 General de Protecci\u00f3n de Datos, [&hellip;]<\/p>\n","protected":false},"author":2,"featured_media":0,"parent":0,"menu_order":0,"comment_status":"closed","ping_status":"closed","template":"","meta":{"_acf_changed":false,"_breakdance_hide_in_design_set":false,"_breakdance_tags":"","footnotes":""},"class_list":["post-759","page","type-page","status-publish","hentry"],"acf":[],"_links":{"self":[{"href":"https:\/\/calperubi.es\/ca\/wp-json\/wp\/v2\/pages\/759","targetHints":{"allow":["GET"]}}],"collection":[{"href":"https:\/\/calperubi.es\/ca\/wp-json\/wp\/v2\/pages"}],"about":[{"href":"https:\/\/calperubi.es\/ca\/wp-json\/wp\/v2\/types\/page"}],"author":[{"embeddable":true,"href":"https:\/\/calperubi.es\/ca\/wp-json\/wp\/v2\/users\/2"}],"replies":[{"embeddable":true,"href":"https:\/\/calperubi.es\/ca\/wp-json\/wp\/v2\/comments?post=759"}],"version-history":[{"count":3,"href":"https:\/\/calperubi.es\/ca\/wp-json\/wp\/v2\/pages\/759\/revisions"}],"predecessor-version":[{"id":1052,"href":"https:\/\/calperubi.es\/ca\/wp-json\/wp\/v2\/pages\/759\/revisions\/1052"}],"wp:attachment":[{"href":"https:\/\/calperubi.es\/ca\/wp-json\/wp\/v2\/media?parent=759"}],"curies":[{"name":"wp","href":"https:\/\/api.w.org\/{rel}","templated":true}]}}